{"id":276,"date":"2026-04-14T11:45:00","date_gmt":"2026-04-14T09:45:00","guid":{"rendered":"https:\/\/silence-agency.com\/contre-tenors\/"},"modified":"2026-04-14T11:45:00","modified_gmt":"2026-04-14T09:45:00","slug":"contre-tenors","status":"publish","type":"page","link":"https:\/\/silence-agency.com\/en\/contre-tenors\/","title":{"rendered":"Countertenors"},"content":{"rendered":"","protected":false},"excerpt":{"rendered":"","protected":false},"author":279138178,"featured_media":0,"parent":0,"menu_order":0,"comment_status":"closed","ping_status":"closed","template":"","meta":{"_crdt_document":"","footnotes":"","big_sky_generated":false},"class_list":["post-276","page","type-page","status-publish","hentry"],"yoast_head":"<!-- This site is optimized with the Yoast SEO plugin v27.5 - https:\/\/yoast.com\/product\/yoast-seo-wordpress\/ -->\n<title>Contre-t\u00e9nors - Silence Agency<\/title>\n<meta name=\"robots\" content=\"index, follow, max-snippet:-1, max-image-preview:large, max-video-preview:-1\" \/>\n<link rel=\"canonical\" href=\"https:\/\/silence-agency.com\/en\/contre-tenors\/\" \/>\n<meta property=\"og:locale\" content=\"en_GB\" \/>\n<meta property=\"og:type\" content=\"article\" \/>\n<meta property=\"og:title\" content=\"Contre-t\u00e9nors - Silence Agency\" \/>\n<meta property=\"og:url\" content=\"https:\/\/silence-agency.com\/en\/contre-tenors\/\" \/>\n<meta property=\"og:site_name\" content=\"Silence Agency\" \/>\n<meta name=\"twitter:card\" content=\"summary_large_image\" \/>\n<script type=\"application\/ld+json\" class=\"yoast-schema-graph\">{\"@context\":\"https:\\\/\\\/schema.org\",\"@graph\":[{\"@type\":\"WebPage\",\"@id\":\"https:\\\/\\\/silence-agency.com\\\/contre-tenors\\\/\",\"url\":\"https:\\\/\\\/silence-agency.com\\\/contre-tenors\\\/\",\"name\":\"Contre-t\u00e9nors - Silence Agency\",\"isPartOf\":{\"@id\":\"https:\\\/\\\/silence-agency.com\\\/#website\"},\"datePublished\":\"2026-04-14T09:45:00+00:00\",\"breadcrumb\":{\"@id\":\"https:\\\/\\\/silence-agency.com\\\/contre-tenors\\\/#breadcrumb\"},\"inLanguage\":\"en-GB\",\"potentialAction\":[{\"@type\":\"ReadAction\",\"target\":[\"https:\\\/\\\/silence-agency.com\\\/contre-tenors\\\/\"]}]},{\"@type\":\"BreadcrumbList\",\"@id\":\"https:\\\/\\\/silence-agency.com\\\/contre-tenors\\\/#breadcrumb\",\"itemListElement\":[{\"@type\":\"ListItem\",\"position\":1,\"name\":\"Accueil\",\"item\":\"https:\\\/\\\/silence-agency.com\\\/\"},{\"@type\":\"ListItem\",\"position\":2,\"name\":\"Contre-t\u00e9nors\"}]},{\"@type\":\"WebSite\",\"@id\":\"https:\\\/\\\/silence-agency.com\\\/#website\",\"url\":\"https:\\\/\\\/silence-agency.com\\\/\",\"name\":\"Silence Agency\",\"description\":\"Artistes lyriques et pianistes pour concerts, op\u00e9ras et \u00e9v\u00e9nements\",\"publisher\":{\"@id\":\"https:\\\/\\\/silence-agency.com\\\/#organization\"},\"potentialAction\":[{\"@type\":\"SearchAction\",\"target\":{\"@type\":\"EntryPoint\",\"urlTemplate\":\"https:\\\/\\\/silence-agency.com\\\/?s={search_term_string}\"},\"query-input\":{\"@type\":\"PropertyValueSpecification\",\"valueRequired\":true,\"valueName\":\"search_term_string\"}}],\"inLanguage\":\"en-GB\"},{\"@type\":\"Organization\",\"@id\":\"https:\\\/\\\/silence-agency.com\\\/#organization\",\"name\":\"Silence Agency\",\"url\":\"https:\\\/\\\/silence-agency.com\\\/\",\"logo\":{\"@type\":\"ImageObject\",\"inLanguage\":\"en-GB\",\"@id\":\"https:\\\/\\\/silence-agency.com\\\/#\\\/schema\\\/logo\\\/image\\\/\",\"url\":\"https:\\\/\\\/i0.wp.com\\\/silence-agency.com\\\/wp-content\\\/uploads\\\/2026\\\/04\\\/chatgpt-image-1-avr.-2026-12_12_21.png?fit=1536%2C1024&ssl=1\",\"contentUrl\":\"https:\\\/\\\/i0.wp.com\\\/silence-agency.com\\\/wp-content\\\/uploads\\\/2026\\\/04\\\/chatgpt-image-1-avr.-2026-12_12_21.png?fit=1536%2C1024&ssl=1\",\"width\":1536,\"height\":1024,\"caption\":\"Silence Agency\"},\"image\":{\"@id\":\"https:\\\/\\\/silence-agency.com\\\/#\\\/schema\\\/logo\\\/image\\\/\"}}]}<\/script>\n<!-- \/ Yoast SEO plugin. -->","yoast_head_json":{"title":"Contre-t\u00e9nors - Silence Agency","robots":{"index":"index","follow":"follow","max-snippet":"max-snippet:-1","max-image-preview":"max-image-preview:large","max-video-preview":"max-video-preview:-1"},"canonical":"https:\/\/silence-agency.com\/en\/contre-tenors\/","og_locale":"en_GB","og_type":"article","og_title":"Contre-t\u00e9nors - Silence Agency","og_url":"https:\/\/silence-agency.com\/en\/contre-tenors\/","og_site_name":"Silence Agency","twitter_card":"summary_large_image","schema":{"@context":"https:\/\/schema.org","@graph":[{"@type":"WebPage","@id":"https:\/\/silence-agency.com\/contre-tenors\/","url":"https:\/\/silence-agency.com\/contre-tenors\/","name":"Contre-t\u00e9nors - Silence Agency","isPartOf":{"@id":"https:\/\/silence-agency.com\/#website"},"datePublished":"2026-04-14T09:45:00+00:00","breadcrumb":{"@id":"https:\/\/silence-agency.com\/contre-tenors\/#breadcrumb"},"inLanguage":"en-GB","potentialAction":[{"@type":"ReadAction","target":["https:\/\/silence-agency.com\/contre-tenors\/"]}]},{"@type":"BreadcrumbList","@id":"https:\/\/silence-agency.com\/contre-tenors\/#breadcrumb","itemListElement":[{"@type":"ListItem","position":1,"name":"Accueil","item":"https:\/\/silence-agency.com\/"},{"@type":"ListItem","position":2,"name":"Contre-t\u00e9nors"}]},{"@type":"WebSite","@id":"https:\/\/silence-agency.com\/#website","url":"https:\/\/silence-agency.com\/","name":"Silence Agency","description":"Artistes lyriques et pianistes pour concerts, op\u00e9ras et \u00e9v\u00e9nements","publisher":{"@id":"https:\/\/silence-agency.com\/#organization"},"potentialAction":[{"@type":"SearchAction","target":{"@type":"EntryPoint","urlTemplate":"https:\/\/silence-agency.com\/?s={search_term_string}"},"query-input":{"@type":"PropertyValueSpecification","valueRequired":true,"valueName":"search_term_string"}}],"inLanguage":"en-GB"},{"@type":"Organization","@id":"https:\/\/silence-agency.com\/#organization","name":"Silence Agency","url":"https:\/\/silence-agency.com\/","logo":{"@type":"ImageObject","inLanguage":"en-GB","@id":"https:\/\/silence-agency.com\/#\/schema\/logo\/image\/","url":"https:\/\/i0.wp.com\/silence-agency.com\/wp-content\/uploads\/2026\/04\/chatgpt-image-1-avr.-2026-12_12_21.png?fit=1536%2C1024&ssl=1","contentUrl":"https:\/\/i0.wp.com\/silence-agency.com\/wp-content\/uploads\/2026\/04\/chatgpt-image-1-avr.-2026-12_12_21.png?fit=1536%2C1024&ssl=1","width":1536,"height":1024,"caption":"Silence Agency"},"image":{"@id":"https:\/\/silence-agency.com\/#\/schema\/logo\/image\/"}}]}},"jetpack_likes_enabled":true,"jetpack_sharing_enabled":true,"jetpack_shortlink":"https:\/\/wp.me\/Phb7WW-4s","jetpack-related-posts":[{"id":274,"url":"https:\/\/silence-agency.com\/en\/tenors\/","url_meta":{"origin":276,"position":0},"title":"tenors","author":"tristanremacle","date":"14 April 2026","format":false,"excerpt":"Paul Gaugler Tenor Alexandre Guerrero Tenor","rel":"","context":"Similar post","block_context":{"text":"Similar post","link":""},"img":{"alt_text":"","src":"https:\/\/i0.wp.com\/silence-agency.com\/wp-content\/uploads\/2026\/04\/photo-paul-gaugler.jpg?resize=350%2C200&ssl=1","width":350,"height":200,"srcset":"https:\/\/i0.wp.com\/silence-agency.com\/wp-content\/uploads\/2026\/04\/photo-paul-gaugler.jpg?resize=350%2C200&ssl=1 1x, https:\/\/i0.wp.com\/silence-agency.com\/wp-content\/uploads\/2026\/04\/photo-paul-gaugler.jpg?resize=525%2C300&ssl=1 1.5x"},"classes":[]},{"id":305,"url":"https:\/\/silence-agency.com\/en\/tous-les-artistes\/","url_meta":{"origin":276,"position":1},"title":"All artists","author":"tristanremacle","date":"15 April 2026","format":false,"excerpt":"Elise Efremov Soprano Lussine Levoni Soprano Manon de Andreis Soprano Nad\u00e8ge Meden Soprano Maria-cristina Napoli Soprano Sarah Cattan Mezzo-soprano Paul Gaugler Tenor Alexandre Guerrero Tenor Jeremy Weiss Baryton Enrico di geronimo baryton alexey trushechkin Pianiste Alena Osminkina pianiste Soraya Verdier pianiste Charlotte Coulaud pianiste Philippe Gueit pianiste","rel":"","context":"Similar post","block_context":{"text":"Similar post","link":""},"img":{"alt_text":"","src":"https:\/\/i0.wp.com\/silence-agency.com\/wp-content\/uploads\/2026\/04\/Alexey-Trushechkin-photo.jpg?resize=350%2C200&ssl=1","width":350,"height":200,"srcset":"https:\/\/i0.wp.com\/silence-agency.com\/wp-content\/uploads\/2026\/04\/Alexey-Trushechkin-photo.jpg?resize=350%2C200&ssl=1 1x, https:\/\/i0.wp.com\/silence-agency.com\/wp-content\/uploads\/2026\/04\/Alexey-Trushechkin-photo.jpg?resize=525%2C300&ssl=1 1.5x, https:\/\/i0.wp.com\/silence-agency.com\/wp-content\/uploads\/2026\/04\/Alexey-Trushechkin-photo.jpg?resize=700%2C400&ssl=1 2x"},"classes":[]},{"id":473,"url":"https:\/\/silence-agency.com\/en\/paul-gaugler-tenor\/","url_meta":{"origin":276,"position":2},"title":"Paul Gaugler T\u00e9nor","author":"tristanremacle","date":"23 April 2026","format":false,"excerpt":"Biographie Vid\u00e9os Galerie Paul Gaugler est un t\u00e9nor fran\u00e7ais, dipl\u00f4m\u00e9 du Conservatoire National Sup\u00e9rieur de Musique et de Danse de Paris. Il s\u2019est perfectionn\u00e9 au sein des Acad\u00e9mies de Royaumont et d\u2019Ambronay, ainsi qu\u2019aupr\u00e8s de Ludovic T\u00e9zier et Viorica Cortez. Il est laur\u00e9at des concours Armel Opera et Vincenzo Bellini.\u2026","rel":"","context":"Similar post","block_context":{"text":"Similar post","link":""},"img":{"alt_text":"","src":"https:\/\/i0.wp.com\/silence-agency.com\/wp-content\/uploads\/2026\/04\/paul-gaugler-md-5776-1856-1024x682.jpg?resize=350%2C200&ssl=1","width":350,"height":200,"srcset":"https:\/\/i0.wp.com\/silence-agency.com\/wp-content\/uploads\/2026\/04\/paul-gaugler-md-5776-1856-1024x682.jpg?resize=350%2C200&ssl=1 1x, https:\/\/i0.wp.com\/silence-agency.com\/wp-content\/uploads\/2026\/04\/paul-gaugler-md-5776-1856-1024x682.jpg?resize=525%2C300&ssl=1 1.5x, https:\/\/i0.wp.com\/silence-agency.com\/wp-content\/uploads\/2026\/04\/paul-gaugler-md-5776-1856-1024x682.jpg?resize=700%2C400&ssl=1 2x"},"classes":[]},{"id":974,"url":"https:\/\/silence-agency.com\/en\/alexandre-guerrero-tenor\/","url_meta":{"origin":276,"position":3},"title":"Alexandre Guerrero \/ T\u00e9nor","author":"tristanremacle","date":"27 April 2026","format":false,"excerpt":"Biographie Vid\u00e9os Galerie T\u00e9nor fran\u00e7ais \u00e0 la carri\u00e8re internationale, Alexandre Guerrero s\u2019impose aujourd\u2019hui comme l\u2019une des voix les plus remarqu\u00e9es de sa g\u00e9n\u00e9ration. Il d\u00e9bute ses \u00e9tudes dans les ann\u00e9es 1990 aupr\u00e8s de Danielle Perriers o\u00f9 il obtient son Dipl\u00f4me d\u2019Art Lyrique. Entre 1998 et 2001, il poursuit sa formation\u2026","rel":"","context":"Similar post","block_context":{"text":"Similar post","link":""},"img":{"alt_text":"","src":"https:\/\/i0.wp.com\/silence-agency.com\/wp-content\/uploads\/2026\/04\/AGENCE-LISA-MOUSSIER-ALEXANDRE-GUERRERO-10.jpg?resize=350%2C200&ssl=1","width":350,"height":200},"classes":[]},{"id":851,"url":"https:\/\/silence-agency.com\/en\/mentions-legales\/","url_meta":{"origin":276,"position":4},"title":"Politique de confidentialit\u00e9","author":"tristanremacle","date":"25 April 2026","format":false,"excerpt":"Silence Agency attache une grande importance \u00e0 la protection de vos donn\u00e9es personnelles.La pr\u00e9sente politique a pour objectif de vous informer sur la mani\u00e8re dont nous collectons, utilisons et prot\u00e9geons vos informations lorsque vous utilisez notre site internet.1. Responsable du traitementLe responsable du traitement est :Tristan Remacle Silence Agency9 rue\u2026","rel":"","context":"Similar post","block_context":{"text":"Similar post","link":""},"img":{"alt_text":"","src":"","width":0,"height":0},"classes":[]}],"_links":{"self":[{"href":"https:\/\/silence-agency.com\/en\/wp-json\/wp\/v2\/pages\/276","targetHints":{"allow":["GET"]}}],"collection":[{"href":"https:\/\/silence-agency.com\/en\/wp-json\/wp\/v2\/pages"}],"about":[{"href":"https:\/\/silence-agency.com\/en\/wp-json\/wp\/v2\/types\/page"}],"author":[{"embeddable":true,"href":"https:\/\/silence-agency.com\/en\/wp-json\/wp\/v2\/users\/279138178"}],"replies":[{"embeddable":true,"href":"https:\/\/silence-agency.com\/en\/wp-json\/wp\/v2\/comments?post=276"}],"version-history":[{"count":0,"href":"https:\/\/silence-agency.com\/en\/wp-json\/wp\/v2\/pages\/276\/revisions"}],"wp:attachment":[{"href":"https:\/\/silence-agency.com\/en\/wp-json\/wp\/v2\/media?parent=276"}],"curies":[{"name":"wp","href":"https:\/\/api.w.org\/{rel}","templated":true}]}}