{"id":273,"date":"2026-04-14T11:44:07","date_gmt":"2026-04-14T09:44:07","guid":{"rendered":"https:\/\/silence-agency.com\/mezzo-sopranos\/"},"modified":"2026-04-24T01:37:18","modified_gmt":"2026-04-23T23:37:18","slug":"mezzo-sopranos","status":"publish","type":"page","link":"https:\/\/silence-agency.com\/en\/mezzo-sopranos\/","title":{"rendered":"Mezzo-Sopranos"},"content":{"rendered":"<div data-elementor-type=\"wp-page\" data-elementor-id=\"273\" class=\"elementor elementor-273\">\n\t\t\t\t<div class=\"elementor-element elementor-element-2f5d05c8 e-grid e-con-boxed e-con e-parent\" data-id=\"2f5d05c8\" data-element_type=\"container\" data-e-type=\"container\">\n\t\t\t\t\t<div class=\"e-con-inner\">\n\t\t<div class=\"elementor-element elementor-element-7258024b e-con-full e-flex e-con e-child\" data-id=\"7258024b\" data-element_type=\"container\" data-e-type=\"container\">\n\t\t\t\t<div class=\"elementor-element elementor-element-351322ab elementor-widget elementor-widget-heading\" data-id=\"351322ab\" data-element_type=\"widget\" data-e-type=\"widget\" data-widget_type=\"heading.default\">\n\t\t\t\t\t<h5 class=\"elementor-heading-title elementor-size-default\"><a href=\"https:\/\/silence-agency.com\/sarah-cattan-mezzo-soprano\/\">Sarah Cattan<\/a><\/h5>\t\t\t\t<\/div>\n\t\t\t\t<div class=\"elementor-element elementor-element-77b06ffd elementor-widget elementor-widget-image\" data-id=\"77b06ffd\" data-element_type=\"widget\" data-e-type=\"widget\" data-widget_type=\"image.default\">\n\t\t\t\t\t\t\t\t\t\t\t\t\t\t\t\t<a href=\"https:\/\/silence-agency.com\/sarah-cattan-mezzo-soprano\/\">\n\t\t\t\t\t\t\t<img fetchpriority=\"high\" decoding=\"async\" data-attachment-id=\"322\" data-permalink=\"https:\/\/silence-agency.com\/en\/tous-les-artistes\/sarah-cattan-9\/\" data-orig-file=\"https:\/\/i0.wp.com\/silence-agency.com\/wp-content\/uploads\/2026\/04\/sarah-Cattan-9.jpg?fit=3456%2C5184&amp;ssl=1\" data-orig-size=\"3456,5184\" data-comments-opened=\"0\" data-image-meta=\"{&quot;aperture&quot;:&quot;8&quot;,&quot;credit&quot;:&quot;&quot;,&quot;camera&quot;:&quot;Canon EOS 7D&quot;,&quot;caption&quot;:&quot;&quot;,&quot;created_timestamp&quot;:&quot;1752840242&quot;,&quot;copyright&quot;:&quot;&quot;,&quot;focal_length&quot;:&quot;67&quot;,&quot;iso&quot;:&quot;100&quot;,&quot;shutter_speed&quot;:&quot;0.076923076923077&quot;,&quot;title&quot;:&quot;&quot;,&quot;orientation&quot;:&quot;0&quot;}\" data-image-title=\"sarah Cattan 9\" data-image-description=\"\" data-image-caption=\"\" data-large-file=\"https:\/\/i0.wp.com\/silence-agency.com\/wp-content\/uploads\/2026\/04\/sarah-Cattan-9.jpg?fit=683%2C1024&amp;ssl=1\" width=\"683\" height=\"1024\" src=\"https:\/\/i0.wp.com\/silence-agency.com\/wp-content\/uploads\/2026\/04\/sarah-Cattan-9.jpg?fit=683%2C1024&amp;ssl=1\" class=\"attachment-large size-large wp-image-322\" alt=\"\" srcset=\"https:\/\/i0.wp.com\/silence-agency.com\/wp-content\/uploads\/2026\/04\/sarah-Cattan-9.jpg?w=3456&amp;ssl=1 3456w, https:\/\/i0.wp.com\/silence-agency.com\/wp-content\/uploads\/2026\/04\/sarah-Cattan-9.jpg?resize=200%2C300&amp;ssl=1 200w, https:\/\/i0.wp.com\/silence-agency.com\/wp-content\/uploads\/2026\/04\/sarah-Cattan-9.jpg?resize=683%2C1024&amp;ssl=1 683w, https:\/\/i0.wp.com\/silence-agency.com\/wp-content\/uploads\/2026\/04\/sarah-Cattan-9.jpg?resize=768%2C1152&amp;ssl=1 768w, https:\/\/i0.wp.com\/silence-agency.com\/wp-content\/uploads\/2026\/04\/sarah-Cattan-9.jpg?resize=1024%2C1536&amp;ssl=1 1024w, https:\/\/i0.wp.com\/silence-agency.com\/wp-content\/uploads\/2026\/04\/sarah-Cattan-9.jpg?resize=1365%2C2048&amp;ssl=1 1365w, https:\/\/i0.wp.com\/silence-agency.com\/wp-content\/uploads\/2026\/04\/sarah-Cattan-9.jpg?resize=8%2C12&amp;ssl=1 8w, https:\/\/i0.wp.com\/silence-agency.com\/wp-content\/uploads\/2026\/04\/sarah-Cattan-9.jpg?w=2000&amp;ssl=1 2000w, https:\/\/i0.wp.com\/silence-agency.com\/wp-content\/uploads\/2026\/04\/sarah-Cattan-9.jpg?w=3000&amp;ssl=1 3000w\" sizes=\"(max-width: 683px) 100vw, 683px\" \/>\t\t\t\t\t\t\t\t<\/a>\n\t\t\t\t\t\t\t\t\t\t\t\t\t\t\t<\/div>\n\t\t\t\t<div class=\"elementor-element elementor-element-44e88c8c elementor-widget elementor-widget-heading\" data-id=\"44e88c8c\" data-element_type=\"widget\" data-e-type=\"widget\" data-widget_type=\"heading.default\">\n\t\t\t\t\t<h5 class=\"elementor-heading-title elementor-size-default\"><a href=\"https:\/\/silence-agency.com\/sarah-cattan-mezzo-soprano\/\">Mezzo-soprano<\/a><\/h5>\t\t\t\t<\/div>\n\t\t\t\t<\/div>\n\t\t\t\t\t<\/div>\n\t\t\t\t<\/div>\n\t\t\t\t<\/div>","protected":false},"excerpt":{"rendered":"<p>Sarah Cattan Mezzo-soprano<\/p>","protected":false},"author":279138178,"featured_media":0,"parent":0,"menu_order":0,"comment_status":"closed","ping_status":"closed","template":"","meta":{"_crdt_document":"","footnotes":"","big_sky_generated":false},"class_list":["post-273","page","type-page","status-publish","hentry"],"yoast_head":"<!-- This site is optimized with the Yoast SEO plugin v27.4 - https:\/\/yoast.com\/product\/yoast-seo-wordpress\/ -->\n<title>Mezzo-Sopranos - Silence Agency<\/title>\n<meta name=\"robots\" content=\"index, follow, max-snippet:-1, max-image-preview:large, max-video-preview:-1\" \/>\n<link rel=\"canonical\" href=\"https:\/\/silence-agency.com\/en\/mezzo-sopranos\/\" \/>\n<meta property=\"og:locale\" content=\"en_GB\" \/>\n<meta property=\"og:type\" content=\"article\" \/>\n<meta property=\"og:title\" content=\"Mezzo-Sopranos - Silence Agency\" \/>\n<meta property=\"og:description\" content=\"Sarah Cattan Mezzo-soprano\" \/>\n<meta property=\"og:url\" content=\"https:\/\/silence-agency.com\/en\/mezzo-sopranos\/\" \/>\n<meta property=\"og:site_name\" content=\"Silence Agency\" \/>\n<meta property=\"article:modified_time\" content=\"2026-04-23T23:37:18+00:00\" \/>\n<meta property=\"og:image\" content=\"https:\/\/silence-agency.com\/wp-content\/uploads\/2026\/04\/sarah-Cattan-9-683x1024.jpg\" \/>\n<meta name=\"twitter:card\" content=\"summary_large_image\" \/>\n<meta name=\"twitter:label1\" content=\"Estimated reading time\" \/>\n\t<meta name=\"twitter:data1\" content=\"1 minute\" \/>\n<script type=\"application\/ld+json\" class=\"yoast-schema-graph\">{\"@context\":\"https:\\\/\\\/schema.org\",\"@graph\":[{\"@type\":\"WebPage\",\"@id\":\"https:\\\/\\\/silence-agency.com\\\/mezzo-sopranos\\\/\",\"url\":\"https:\\\/\\\/silence-agency.com\\\/mezzo-sopranos\\\/\",\"name\":\"Mezzo-Sopranos - Silence Agency\",\"isPartOf\":{\"@id\":\"https:\\\/\\\/silence-agency.com\\\/#website\"},\"primaryImageOfPage\":{\"@id\":\"https:\\\/\\\/silence-agency.com\\\/mezzo-sopranos\\\/#primaryimage\"},\"image\":{\"@id\":\"https:\\\/\\\/silence-agency.com\\\/mezzo-sopranos\\\/#primaryimage\"},\"thumbnailUrl\":\"https:\\\/\\\/silence-agency.com\\\/wp-content\\\/uploads\\\/2026\\\/04\\\/sarah-Cattan-9-683x1024.jpg\",\"datePublished\":\"2026-04-14T09:44:07+00:00\",\"dateModified\":\"2026-04-23T23:37:18+00:00\",\"breadcrumb\":{\"@id\":\"https:\\\/\\\/silence-agency.com\\\/mezzo-sopranos\\\/#breadcrumb\"},\"inLanguage\":\"en-GB\",\"potentialAction\":[{\"@type\":\"ReadAction\",\"target\":[\"https:\\\/\\\/silence-agency.com\\\/mezzo-sopranos\\\/\"]}]},{\"@type\":\"ImageObject\",\"inLanguage\":\"en-GB\",\"@id\":\"https:\\\/\\\/silence-agency.com\\\/mezzo-sopranos\\\/#primaryimage\",\"url\":\"https:\\\/\\\/silence-agency.com\\\/wp-content\\\/uploads\\\/2026\\\/04\\\/sarah-Cattan-9-683x1024.jpg\",\"contentUrl\":\"https:\\\/\\\/silence-agency.com\\\/wp-content\\\/uploads\\\/2026\\\/04\\\/sarah-Cattan-9-683x1024.jpg\"},{\"@type\":\"BreadcrumbList\",\"@id\":\"https:\\\/\\\/silence-agency.com\\\/mezzo-sopranos\\\/#breadcrumb\",\"itemListElement\":[{\"@type\":\"ListItem\",\"position\":1,\"name\":\"Accueil\",\"item\":\"https:\\\/\\\/silence-agency.com\\\/\"},{\"@type\":\"ListItem\",\"position\":2,\"name\":\"Mezzo-Sopranos\"}]},{\"@type\":\"WebSite\",\"@id\":\"https:\\\/\\\/silence-agency.com\\\/#website\",\"url\":\"https:\\\/\\\/silence-agency.com\\\/\",\"name\":\"Silence Agency\",\"description\":\"Artistes lyriques et pianistes pour concerts, op\u00e9ras et \u00e9v\u00e9nements\",\"publisher\":{\"@id\":\"https:\\\/\\\/silence-agency.com\\\/#organization\"},\"potentialAction\":[{\"@type\":\"SearchAction\",\"target\":{\"@type\":\"EntryPoint\",\"urlTemplate\":\"https:\\\/\\\/silence-agency.com\\\/?s={search_term_string}\"},\"query-input\":{\"@type\":\"PropertyValueSpecification\",\"valueRequired\":true,\"valueName\":\"search_term_string\"}}],\"inLanguage\":\"en-GB\"},{\"@type\":\"Organization\",\"@id\":\"https:\\\/\\\/silence-agency.com\\\/#organization\",\"name\":\"Silence Agency\",\"url\":\"https:\\\/\\\/silence-agency.com\\\/\",\"logo\":{\"@type\":\"ImageObject\",\"inLanguage\":\"en-GB\",\"@id\":\"https:\\\/\\\/silence-agency.com\\\/#\\\/schema\\\/logo\\\/image\\\/\",\"url\":\"https:\\\/\\\/i0.wp.com\\\/silence-agency.com\\\/wp-content\\\/uploads\\\/2026\\\/04\\\/chatgpt-image-1-avr.-2026-12_12_21.png?fit=1536%2C1024&ssl=1\",\"contentUrl\":\"https:\\\/\\\/i0.wp.com\\\/silence-agency.com\\\/wp-content\\\/uploads\\\/2026\\\/04\\\/chatgpt-image-1-avr.-2026-12_12_21.png?fit=1536%2C1024&ssl=1\",\"width\":1536,\"height\":1024,\"caption\":\"Silence Agency\"},\"image\":{\"@id\":\"https:\\\/\\\/silence-agency.com\\\/#\\\/schema\\\/logo\\\/image\\\/\"}}]}<\/script>\n<!-- \/ Yoast SEO plugin. -->","yoast_head_json":{"title":"Mezzo-Sopranos - Silence Agency","robots":{"index":"index","follow":"follow","max-snippet":"max-snippet:-1","max-image-preview":"max-image-preview:large","max-video-preview":"max-video-preview:-1"},"canonical":"https:\/\/silence-agency.com\/en\/mezzo-sopranos\/","og_locale":"en_GB","og_type":"article","og_title":"Mezzo-Sopranos - Silence Agency","og_description":"Sarah Cattan Mezzo-soprano","og_url":"https:\/\/silence-agency.com\/en\/mezzo-sopranos\/","og_site_name":"Silence Agency","article_modified_time":"2026-04-23T23:37:18+00:00","og_image":[{"url":"https:\/\/silence-agency.com\/wp-content\/uploads\/2026\/04\/sarah-Cattan-9-683x1024.jpg","type":"","width":"","height":""}],"twitter_card":"summary_large_image","twitter_misc":{"Estimated reading time":"1 minute"},"schema":{"@context":"https:\/\/schema.org","@graph":[{"@type":"WebPage","@id":"https:\/\/silence-agency.com\/mezzo-sopranos\/","url":"https:\/\/silence-agency.com\/mezzo-sopranos\/","name":"Mezzo-Sopranos - Silence Agency","isPartOf":{"@id":"https:\/\/silence-agency.com\/#website"},"primaryImageOfPage":{"@id":"https:\/\/silence-agency.com\/mezzo-sopranos\/#primaryimage"},"image":{"@id":"https:\/\/silence-agency.com\/mezzo-sopranos\/#primaryimage"},"thumbnailUrl":"https:\/\/silence-agency.com\/wp-content\/uploads\/2026\/04\/sarah-Cattan-9-683x1024.jpg","datePublished":"2026-04-14T09:44:07+00:00","dateModified":"2026-04-23T23:37:18+00:00","breadcrumb":{"@id":"https:\/\/silence-agency.com\/mezzo-sopranos\/#breadcrumb"},"inLanguage":"en-GB","potentialAction":[{"@type":"ReadAction","target":["https:\/\/silence-agency.com\/mezzo-sopranos\/"]}]},{"@type":"ImageObject","inLanguage":"en-GB","@id":"https:\/\/silence-agency.com\/mezzo-sopranos\/#primaryimage","url":"https:\/\/silence-agency.com\/wp-content\/uploads\/2026\/04\/sarah-Cattan-9-683x1024.jpg","contentUrl":"https:\/\/silence-agency.com\/wp-content\/uploads\/2026\/04\/sarah-Cattan-9-683x1024.jpg"},{"@type":"BreadcrumbList","@id":"https:\/\/silence-agency.com\/mezzo-sopranos\/#breadcrumb","itemListElement":[{"@type":"ListItem","position":1,"name":"Accueil","item":"https:\/\/silence-agency.com\/"},{"@type":"ListItem","position":2,"name":"Mezzo-Sopranos"}]},{"@type":"WebSite","@id":"https:\/\/silence-agency.com\/#website","url":"https:\/\/silence-agency.com\/","name":"Silence Agency","description":"Artistes lyriques et pianistes pour concerts, op\u00e9ras et \u00e9v\u00e9nements","publisher":{"@id":"https:\/\/silence-agency.com\/#organization"},"potentialAction":[{"@type":"SearchAction","target":{"@type":"EntryPoint","urlTemplate":"https:\/\/silence-agency.com\/?s={search_term_string}"},"query-input":{"@type":"PropertyValueSpecification","valueRequired":true,"valueName":"search_term_string"}}],"inLanguage":"en-GB"},{"@type":"Organization","@id":"https:\/\/silence-agency.com\/#organization","name":"Silence Agency","url":"https:\/\/silence-agency.com\/","logo":{"@type":"ImageObject","inLanguage":"en-GB","@id":"https:\/\/silence-agency.com\/#\/schema\/logo\/image\/","url":"https:\/\/i0.wp.com\/silence-agency.com\/wp-content\/uploads\/2026\/04\/chatgpt-image-1-avr.-2026-12_12_21.png?fit=1536%2C1024&ssl=1","contentUrl":"https:\/\/i0.wp.com\/silence-agency.com\/wp-content\/uploads\/2026\/04\/chatgpt-image-1-avr.-2026-12_12_21.png?fit=1536%2C1024&ssl=1","width":1536,"height":1024,"caption":"Silence Agency"},"image":{"@id":"https:\/\/silence-agency.com\/#\/schema\/logo\/image\/"}}]}},"jetpack_likes_enabled":true,"jetpack_sharing_enabled":true,"jetpack_shortlink":"https:\/\/wp.me\/Phb7WW-4p","jetpack-related-posts":[{"id":455,"url":"https:\/\/silence-agency.com\/en\/sarah-cattan-mezzo-soprano\/","url_meta":{"origin":273,"position":0},"title":"Sarah Cattan Mezzo-Soprano","author":"tristanremacle","date":"23 April 2026","format":false,"excerpt":"Biographie Vid\u00e9os Galerie Sarah Cattan commence le piano \u00e0 l'\u00e2ge de 5 ans au Burkina Faso o\u00f9 elle grandi. Elle poursuit par la suite des \u00e9tudes de biologie et d'informatique \u00e1 la facult\u00e9 d'Orsay puis \u00e0 l'Universit\u00e9 de Montr\u00e9al o\u00f9 elle se sp\u00e9cialise en neurosciences et obtient un Ph. D.\u2026","rel":"","context":"Similar post","block_context":{"text":"Similar post","link":""},"img":{"alt_text":"","src":"https:\/\/i0.wp.com\/silence-agency.com\/wp-content\/uploads\/2026\/04\/sarah-Cattan-9-1-683x1024.jpg?resize=350%2C200&ssl=1","width":350,"height":200,"srcset":"https:\/\/i0.wp.com\/silence-agency.com\/wp-content\/uploads\/2026\/04\/sarah-Cattan-9-1-683x1024.jpg?resize=350%2C200&ssl=1 1x, https:\/\/i0.wp.com\/silence-agency.com\/wp-content\/uploads\/2026\/04\/sarah-Cattan-9-1-683x1024.jpg?resize=525%2C300&ssl=1 1.5x"},"classes":[]},{"id":305,"url":"https:\/\/silence-agency.com\/en\/tous-les-artistes\/","url_meta":{"origin":273,"position":1},"title":"All artists","author":"tristanremacle","date":"15 April 2026","format":false,"excerpt":"Elise Efremov Soprano Lussine Levoni Soprano Manon de Andreis Soprano Nad\u00e8ge Meden Soprano Maria-cristina Napoli Soprano Sarah Cattan Mezzo-soprano Paul Gaugler Tenor Alexandre Guerrero Tenor Jeremy Weiss Baryton Enrico di geronimo baryton alexey trushechkin Pianiste Alena Osminkina pianiste Soraya Verdier pianiste Charlotte Coulaud pianiste Philippe Gueit pianiste","rel":"","context":"Similar post","block_context":{"text":"Similar post","link":""},"img":{"alt_text":"","src":"https:\/\/i0.wp.com\/silence-agency.com\/wp-content\/uploads\/2026\/04\/Alexey-Trushechkin-photo.jpg?resize=350%2C200&ssl=1","width":350,"height":200,"srcset":"https:\/\/i0.wp.com\/silence-agency.com\/wp-content\/uploads\/2026\/04\/Alexey-Trushechkin-photo.jpg?resize=350%2C200&ssl=1 1x, https:\/\/i0.wp.com\/silence-agency.com\/wp-content\/uploads\/2026\/04\/Alexey-Trushechkin-photo.jpg?resize=525%2C300&ssl=1 1.5x, https:\/\/i0.wp.com\/silence-agency.com\/wp-content\/uploads\/2026\/04\/Alexey-Trushechkin-photo.jpg?resize=700%2C400&ssl=1 2x"},"classes":[]},{"id":272,"url":"https:\/\/silence-agency.com\/en\/sopranos\/","url_meta":{"origin":273,"position":2},"title":"Sopranos","author":"tristanremacle","date":"14 April 2026","format":false,"excerpt":"Elise Efremov Soprano Lussine Levoni Soprano Manon de Andreis Soprano Nad\u00e8ge Meden Soprano","rel":"","context":"Similar post","block_context":{"text":"Similar post","link":""},"img":{"alt_text":"","src":"https:\/\/i0.wp.com\/silence-agency.com\/wp-content\/uploads\/2026\/04\/AGENCE-LISA-MOUSSIER-ELISE-EFREMOV-LOUVRE-1-3-682x1024.jpg?resize=350%2C200&ssl=1","width":350,"height":200,"srcset":"https:\/\/i0.wp.com\/silence-agency.com\/wp-content\/uploads\/2026\/04\/AGENCE-LISA-MOUSSIER-ELISE-EFREMOV-LOUVRE-1-3-682x1024.jpg?resize=350%2C200&ssl=1 1x, https:\/\/i0.wp.com\/silence-agency.com\/wp-content\/uploads\/2026\/04\/AGENCE-LISA-MOUSSIER-ELISE-EFREMOV-LOUVRE-1-3-682x1024.jpg?resize=525%2C300&ssl=1 1.5x"},"classes":[]}],"_links":{"self":[{"href":"https:\/\/silence-agency.com\/en\/wp-json\/wp\/v2\/pages\/273","targetHints":{"allow":["GET"]}}],"collection":[{"href":"https:\/\/silence-agency.com\/en\/wp-json\/wp\/v2\/pages"}],"about":[{"href":"https:\/\/silence-agency.com\/en\/wp-json\/wp\/v2\/types\/page"}],"author":[{"embeddable":true,"href":"https:\/\/silence-agency.com\/en\/wp-json\/wp\/v2\/users\/279138178"}],"replies":[{"embeddable":true,"href":"https:\/\/silence-agency.com\/en\/wp-json\/wp\/v2\/comments?post=273"}],"version-history":[{"count":3,"href":"https:\/\/silence-agency.com\/en\/wp-json\/wp\/v2\/pages\/273\/revisions"}],"predecessor-version":[{"id":719,"href":"https:\/\/silence-agency.com\/en\/wp-json\/wp\/v2\/pages\/273\/revisions\/719"}],"wp:attachment":[{"href":"https:\/\/silence-agency.com\/en\/wp-json\/wp\/v2\/media?parent=273"}],"curies":[{"name":"wp","href":"https:\/\/api.w.org\/{rel}","templated":true}]}}